{"id":265,"date":"2025-07-17T17:08:54","date_gmt":"2025-07-17T15:08:54","guid":{"rendered":"https:\/\/bertramschmitt.de\/about-the-person\/"},"modified":"2026-01-28T18:50:00","modified_gmt":"2026-01-28T17:50:00","slug":"about-the-person","status":"publish","type":"page","link":"https:\/\/bertramschmitt.de\/en\/about-the-person\/","title":{"rendered":"About the person"},"content":{"rendered":"\t\t<div data-elementor-type=\"wp-page\" data-elementor-id=\"265\" class=\"elementor elementor-265 elementor-13\" data-elementor-post-type=\"page\">\n\t\t\t\t<div class=\"elementor-element elementor-element-b94e734 e-flex e-con-boxed e-con e-parent\" data-id=\"b94e734\" data-element_type=\"container\" data-settings=\"{&quot;background_background&quot;:&quot;classic&quot;}\">\n\t\t\t\t\t<div class=\"e-con-inner\">\n\t\t<div class=\"elementor-element elementor-element-85e9429 e-con-full e-flex e-con e-child\" data-id=\"85e9429\" data-element_type=\"container\" data-settings=\"{&quot;background_background&quot;:&quot;classic&quot;}\">\n\t\t\t\t<\/div>\n\t\t<div class=\"elementor-element elementor-element-e86ebe8 e-con-full e-flex e-con e-child\" data-id=\"e86ebe8\" data-element_type=\"container\">\n\t\t\t\t<div class=\"elementor-element elementor-element-fa49dc5 elementor-widget elementor-widget-heading\" data-id=\"fa49dc5\" data-element_type=\"widget\" data-widget_type=\"heading.default\">\n\t\t\t\t\t<h2 class=\"elementor-heading-title elementor-size-default\">About<\/h2>\t\t\t\t<\/div>\n\t\t\t\t<div class=\"elementor-element elementor-element-cfdad11 elementor-widget elementor-widget-text-editor\" data-id=\"cfdad11\" data-element_type=\"widget\" data-widget_type=\"text-editor.default\">\n\t\t\t\t\t\t\t\t\t<p>Bertram Schmitt is a German legal practitioner with many years of experience in national and international courts. He was a judge at the Federal Court of Justice in Karlsruhe from 2005 to 2015 and a judge at the International Criminal Court in The Hague from 2015 to 2025. Schmitt has been the author of the standard commentary on the Code of Criminal Procedure &#8220;Schmitt\/K\u00f6hler&#8221; for many years. He has been an arbitrator for the arbitration board of the legal profession since 2025. Schmitt has been awarded the Cross of Merit 1st Class of the Order of Merit of the Federal Republic of Germany.    <\/p>\t\t\t\t\t\t\t\t<\/div>\n\t\t\t\t<div class=\"elementor-element elementor-element-d0a6b94 elementor-widget elementor-widget-heading\" data-id=\"d0a6b94\" data-element_type=\"widget\" data-widget_type=\"heading.default\">\n\t\t\t\t\t<h2 class=\"elementor-heading-title elementor-size-default\">Life and work<\/h2>\t\t\t\t<\/div>\n\t\t\t\t<div class=\"elementor-element elementor-element-52f3598 elementor-widget elementor-widget-text-editor\" data-id=\"52f3598\" data-element_type=\"widget\" data-widget_type=\"text-editor.default\">\n\t\t\t\t\t\t\t\t\t<p>After studying law and completing his doctorate in Frankfurt am Main, Schmitt taught at the University of W\u00fcrzburg. In 2000, he was awarded an Honorary Professorship for criminal law, criminal procedure and criminology at the Julius-Maximilians-Universit\u00e4t in W\u00fcrzburg. <\/p><p>Schmitt began his professional career as a judge and later presiding judge at Darmstadt Regional Court. The &#8220;stone-throwing case&#8221; has attracted national attention. Young people had hurled stones weighing up to 8.4 kg from a bridge over a highway near Darmstadt, killing two female drivers and injuring other car occupants, some of them seriously.<\/p>\t\t\t\t\t\t\t\t<\/div>\n\t\t\t\t<\/div>\n\t\t\t\t\t<\/div>\n\t\t\t\t<\/div>\n\t\t<div class=\"elementor-element elementor-element-27b5379 e-flex e-con-boxed e-con e-parent\" data-id=\"27b5379\" data-element_type=\"container\" data-settings=\"{&quot;background_background&quot;:&quot;classic&quot;}\">\n\t\t\t\t\t<div class=\"e-con-inner\">\n\t\t<div class=\"elementor-element elementor-element-12cb3ab e-con-full e-flex e-con e-child\" data-id=\"12cb3ab\" data-element_type=\"container\">\n\t\t\t\t<div class=\"elementor-element elementor-element-5375bca elementor-widget elementor-widget-heading\" data-id=\"5375bca\" data-element_type=\"widget\" data-widget_type=\"heading.default\">\n\t\t\t\t\t<h2 class=\"elementor-heading-title elementor-size-default\">Judicial activities at the Federal Court of Justice in Karlsruhe (BGH)<\/h2>\t\t\t\t<\/div>\n\t\t\t\t<div class=\"elementor-element elementor-element-ac5f304 elementor-widget elementor-widget-text-editor\" data-id=\"ac5f304\" data-element_type=\"widget\" data-widget_type=\"text-editor.default\">\n\t\t\t\t\t\t\t\t\t<p>At the Federal Court of Justice, Schmitt was initially a judge on the XI Civil Senate responsible for banking and stock exchange law, where he was involved in the Kirch v. Breuer and Deutsche Bank case, among others. <\/p><p>In 2007, he moved to the second criminal senate, where he was involved in the proceedings in the Siemens corruption scandal and in a case of euthanasia justified by (presumed) consent in abortion treatment.  <\/p>\t\t\t\t\t\t\t\t<\/div>\n\t\t\t\t<\/div>\n\t\t<div class=\"elementor-element elementor-element-d881d58 e-con-full e-flex e-con e-child\" data-id=\"d881d58\" data-element_type=\"container\">\n\t\t\t\t<div class=\"elementor-element elementor-element-598ea8a elementor-widget elementor-widget-text-editor\" data-id=\"598ea8a\" data-element_type=\"widget\" data-widget_type=\"text-editor.default\">\n\t\t\t\t\t\t\t\t\t<p>During his time as a judge at the Federal Court of Justice, Schmitt was also a member of the Joint Supervisory Body of Eurojust in The Hague for several years and an ad hoc judge at the European Court of Human Rights in Strasbourg (ECHR). At the ECHR, he was involved in a decision according to which the equation of abortion with murder and the Holocaust is not covered by the right to freedom of expression. From 2008 until his retirement in 2015, Schmitt also headed the press office of the Federal Court of Justice.<\/p>\t\t\t\t\t\t\t\t<\/div>\n\t\t\t\t<\/div>\n\t\t\t\t\t<\/div>\n\t\t\t\t<\/div>\n\t\t<div class=\"elementor-element elementor-element-cb510be e-flex e-con-boxed e-con e-parent\" data-id=\"cb510be\" data-element_type=\"container\" data-settings=\"{&quot;background_background&quot;:&quot;classic&quot;}\">\n\t\t\t\t\t<div class=\"e-con-inner\">\n\t\t<div class=\"elementor-element elementor-element-26a6dd5 e-con-full e-flex e-con e-child\" data-id=\"26a6dd5\" data-element_type=\"container\">\n\t\t\t\t<div class=\"elementor-element elementor-element-acc6857 elementor-widget elementor-widget-heading\" data-id=\"acc6857\" data-element_type=\"widget\" data-widget_type=\"heading.default\">\n\t\t\t\t\t<h2 class=\"elementor-heading-title elementor-size-default\">Acting as Presiding Judge at the International Criminal Court in The Hague (ICC)<\/h2>\t\t\t\t<\/div>\n\t\t\t\t<div class=\"elementor-element elementor-element-08c5985 elementor-widget elementor-widget-text-editor\" data-id=\"08c5985\" data-element_type=\"widget\" data-widget_type=\"text-editor.default\">\n\t\t\t\t\t\t\t\t\t<p>At the ICC, Schmitt presided over three main proceedings as presiding judge. The proceedings against Jean-Pierre Bemba and four others concerned witness tampering in the main proceedings against the former Vice President of the Democratic Republic of Congo for war crimes and crimes against humanity. In the case against Dominik Ongwen, the most extensive at the ICC to date, crimes committed by the Lord Resistance Army in Uganda such as massacres of the civilian population, the forced recruitment of child soldiers and the sexual enslavement and forced marriage of abducted girls were tried.<\/p><p>The trial against Patrice Eduard Ngaissona and Alfred Yekatom ultimately concerned crimes against the Muslim civilian population of the Central African Republic, such as murder, expulsion and persecution on religious grounds. Schmitt also participated as a judge in the proceedings against Ahmed al-Faqui Al-Mahdi, a leading member of an Islamist militia, who was convicted of destroying world cultural heritage sites in Timbuktu (Mali).<\/p>\t\t\t\t\t\t\t\t<\/div>\n\t\t\t\t<\/div>\n\t\t<div class=\"elementor-element elementor-element-8c83c84 e-con-full e-flex e-con e-child\" data-id=\"8c83c84\" data-element_type=\"container\" data-settings=\"{&quot;background_background&quot;:&quot;classic&quot;}\">\n\t\t\t\t<\/div>\n\t\t\t\t\t<\/div>\n\t\t\t\t<\/div>\n\t\t<div class=\"elementor-element elementor-element-9a27738 e-flex e-con-boxed e-con e-parent\" data-id=\"9a27738\" data-element_type=\"container\">\n\t\t\t\t\t<div class=\"e-con-inner\">\n\t\t\t\t<div class=\"elementor-element elementor-element-afc1a29 elementor-widget elementor-widget-heading\" data-id=\"afc1a29\" data-element_type=\"widget\" data-widget_type=\"heading.default\">\n\t\t\t\t\t<h2 class=\"elementor-heading-title elementor-size-default\">Publications<\/h2>\t\t\t\t<\/div>\n\t\t\t\t<div class=\"elementor-element elementor-element-d1dca00 elementor-widget elementor-widget-text-editor\" data-id=\"d1dca00\" data-element_type=\"widget\" data-widget_type=\"text-editor.default\">\n\t\t\t\t\t\t\t\t\t<p>Today, Prof. Dr. Bertram Schmitt is available as an expert for consultations, lectures and media appearances. With his many years of experience in criminal law and at the highest national and international courts, he is a sought-after contact for legal and social issues. <\/p>\t\t\t\t\t\t\t\t<\/div>\n\t\t\t\t\t<\/div>\n\t\t\t\t<\/div>\n\t\t<div class=\"elementor-element elementor-element-6ba95c8 e-con-full e-flex e-con e-parent\" data-id=\"6ba95c8\" data-element_type=\"container\">\n\t\t\t\t<div class=\"elementor-element elementor-element-869d440 elementor--h-position-center elementor--v-position-middle elementor-arrows-position-inside elementor-pagination-position-inside elementor-widget elementor-widget-slides\" data-id=\"869d440\" data-element_type=\"widget\" data-settings=\"{&quot;transition&quot;:&quot;fade&quot;,&quot;navigation&quot;:&quot;both&quot;,&quot;transition_speed&quot;:500}\" data-widget_type=\"slides.default\">\n\t\t\t\t\t\t\t\t\t\t<div class=\"elementor-slides-wrapper elementor-main-swiper swiper\" role=\"region\" aria-roledescription=\"carousel\" aria-label=\"Slider\" dir=\"ltr\" data-animation=\"fadeInUp\">\n\t\t\t\t<div class=\"swiper-wrapper elementor-slides\">\n\t\t\t\t\t\t\t\t\t\t<div class=\"elementor-repeater-item-a290e43 swiper-slide\" role=\"group\" aria-roledescription=\"slide\"><div class=\"swiper-slide-bg\" role=\"img\" aria-label=\"StGB-scaled\"><\/div><div class=\"elementor-background-overlay\"><\/div><div class=\"swiper-slide-inner\" ><div class=\"swiper-slide-contents\"><div class=\"elementor-slide-heading\">Code of Criminal Procedure: StPO<\/div><div class=\"elementor-slide-description\"><p>His explanation (together with Marcus K\u00f6hler) of the German Code of Criminal Procedure is one of the most important standard works, especially for criminal law practitioners. It comprises the Courts Constitution Act as well as ancillary laws and supplementary provisions.<\/p>\n<\/div><a href=\"https:\/\/www.beck-shop.de\/schmitt-koehler-strafprozessordnung-stpo\/product\/37041972?em_src=kw&#038;em_cmp=google-producthero&#038;gad_source=1&#038;gad_campaignid=22047515434&#038;gbraid=0AAAAADn9ysxx_plnEBmawekVhGuL8DmOJ&#038;gclid=CjwKCAjw4K3DBhBqEiwAYtG_9IIsYHcZ5nrksD_8Lhl0ymX5pBnLigDS4Jcx_YA5d_4hPmjyPGtw3RoCI_UQAvD_BwE\" class=\"elementor-button elementor-slide-button elementor-size-md\" target=\"_blank\" rel=\"noopener\">About the book<\/a><\/div><\/div><\/div>\t\t\t\t<\/div>\n\t\t\t\t\t\t\t<\/div>\n\t\t\t\t\t\t\t\t<\/div>\n\t\t\t\t<\/div>\n\t\t<div class=\"elementor-element elementor-element-8800863 e-flex e-con-boxed e-con e-parent\" data-id=\"8800863\" data-element_type=\"container\" data-settings=\"{&quot;background_background&quot;:&quot;classic&quot;}\">\n\t\t\t\t\t<div class=\"e-con-inner\">\n\t\t\t\t<div class=\"elementor-element elementor-element-34d615f elementor-widget elementor-widget-heading\" data-id=\"34d615f\" data-element_type=\"widget\" data-widget_type=\"heading.default\">\n\t\t\t\t\t<h2 class=\"elementor-heading-title elementor-size-default\">Media and press review<\/h2>\t\t\t\t<\/div>\n\t\t<div class=\"elementor-element elementor-element-53082d3 e-grid e-con-full e-con e-child\" data-id=\"53082d3\" data-element_type=\"container\">\n\t\t\t\t<div class=\"elementor-element elementor-element-d12b65f elementor-widget elementor-widget-image\" data-id=\"d12b65f\" data-element_type=\"widget\" data-widget_type=\"image.default\">\n\t\t\t\t\t\t\t\t\t\t\t\t<figure class=\"wp-caption\">\n\t\t\t\t\t\t\t\t\t\t\t<a href=\"https:\/\/www.sueddeutsche.de\/meinung\/vereinte-nationen-gruendung-80-jahre-kommentar-li.3273532?reduced=true\" target=\"_blank\" rel=\"noopener\">\n\t\t\t\t\t\t\t<img fetchpriority=\"high\" decoding=\"async\" width=\"800\" height=\"800\" src=\"https:\/\/bertramschmitt.de\/wp-content\/uploads\/2025\/07\/SZ_2025-1024x1024.png\" class=\"attachment-large size-large wp-image-239\" alt=\"Zeitungsseite mit Kommentar zur Rolle des Internationalen Strafgerichtshofs \u2013 \u201eDas Recht der St\u00e4rkeren\u201c, S\u00fcddeutsche Zeitung, Juni 2025\" srcset=\"https:\/\/bertramschmitt.de\/wp-content\/uploads\/2025\/07\/SZ_2025-1024x1024.png 1024w, https:\/\/bertramschmitt.de\/wp-content\/uploads\/2025\/07\/SZ_2025-300x300.png 300w, https:\/\/bertramschmitt.de\/wp-content\/uploads\/2025\/07\/SZ_2025-150x150.png 150w, https:\/\/bertramschmitt.de\/wp-content\/uploads\/2025\/07\/SZ_2025-768x768.png 768w, https:\/\/bertramschmitt.de\/wp-content\/uploads\/2025\/07\/SZ_2025.png 1080w\" sizes=\"(max-width: 800px) 100vw, 800px\" \/>\t\t\t\t\t\t\t\t<\/a>\n\t\t\t\t\t\t\t\t\t\t\t<figcaption class=\"widget-image-caption wp-caption-text\">S\u00fcddeutsche Zeitung \u00fcber Herausforderungen internationaler Strafgerichtsbarkeit im Umgang mit Machtpolitik<\/figcaption>\n\t\t\t\t\t\t\t\t\t\t<\/figure>\n\t\t\t\t\t\t\t\t\t<\/div>\n\t\t\t\t<div class=\"elementor-element elementor-element-05fdbf9 elementor-widget elementor-widget-image\" data-id=\"05fdbf9\" data-element_type=\"widget\" data-widget_type=\"image.default\">\n\t\t\t\t\t\t\t\t\t\t\t\t<figure class=\"wp-caption\">\n\t\t\t\t\t\t\t\t\t\t\t<a href=\"https:\/\/www.hr2.de\/programm\/doppelkopf\/doppelkopf-mit-bertram-schmitt-richter-internationaler-strafgerichtshof,epg-doppelkopf-2764.html\" target=\"_blank\" rel=\"noopener\">\n\t\t\t\t\t\t\t<img decoding=\"async\" width=\"800\" height=\"800\" src=\"https:\/\/bertramschmitt.de\/wp-content\/uploads\/2025\/07\/Bayern2_2024-1-1024x1024.png\" class=\"attachment-large size-large wp-image-232\" alt=\"Screenshot des Interviews mit Bertram Schmitt in der BR-Sendung \u201eEins zu Eins. Der Talk\u201c vom 14.10.2024\" srcset=\"https:\/\/bertramschmitt.de\/wp-content\/uploads\/2025\/07\/Bayern2_2024-1-1024x1024.png 1024w, https:\/\/bertramschmitt.de\/wp-content\/uploads\/2025\/07\/Bayern2_2024-1-300x300.png 300w, https:\/\/bertramschmitt.de\/wp-content\/uploads\/2025\/07\/Bayern2_2024-1-150x150.png 150w, https:\/\/bertramschmitt.de\/wp-content\/uploads\/2025\/07\/Bayern2_2024-1-768x768.png 768w, https:\/\/bertramschmitt.de\/wp-content\/uploads\/2025\/07\/Bayern2_2024-1.png 1080w\" sizes=\"(max-width: 800px) 100vw, 800px\" \/>\t\t\t\t\t\t\t\t<\/a>\n\t\t\t\t\t\t\t\t\t\t\t<figcaption class=\"widget-image-caption wp-caption-text\">Bayern 2 \u201eEdfins zu Eins. Der Talk\u201c \u2013 Ein pers\u00f6nliches Interview \u00fcber Recht, Den Haag und Fouls im Fu\u00dfball<\/figcaption>\n\t\t\t\t\t\t\t\t\t\t<\/figure>\n\t\t\t\t\t\t\t\t\t<\/div>\n\t\t\t\t<div class=\"elementor-element elementor-element-840c32b elementor-widget elementor-widget-image\" data-id=\"840c32b\" data-element_type=\"widget\" data-widget_type=\"image.default\">\n\t\t\t\t\t\t\t\t\t\t\t\t<figure class=\"wp-caption\">\n\t\t\t\t\t\t\t\t\t\t\t<a href=\"https:\/\/www.sueddeutsche.de\/projekte\/artikel\/gesellschaft\/internationaler-strafgerichtshof-den-haag-bertram-schmitt-e179128\/?reduced=true\" target=\"_blank\" rel=\"noopener\">\n\t\t\t\t\t\t\t<img decoding=\"async\" width=\"800\" height=\"800\" src=\"https:\/\/bertramschmitt.de\/wp-content\/uploads\/2025\/07\/SZ_2023-1024x1024.png\" class=\"attachment-large size-large wp-image-238\" alt=\"Zeitungsseite mit Portr\u00e4t \u00fcber Bertram Schmitt \u2013 Richter am Internationalen Strafgerichtshof\" srcset=\"https:\/\/bertramschmitt.de\/wp-content\/uploads\/2025\/07\/SZ_2023-1024x1024.png 1024w, https:\/\/bertramschmitt.de\/wp-content\/uploads\/2025\/07\/SZ_2023-300x300.png 300w, https:\/\/bertramschmitt.de\/wp-content\/uploads\/2025\/07\/SZ_2023-150x150.png 150w, https:\/\/bertramschmitt.de\/wp-content\/uploads\/2025\/07\/SZ_2023-768x768.png 768w, https:\/\/bertramschmitt.de\/wp-content\/uploads\/2025\/07\/SZ_2023.png 1080w\" sizes=\"(max-width: 800px) 100vw, 800px\" \/>\t\t\t\t\t\t\t\t<\/a>\n\t\t\t\t\t\t\t\t\t\t\t<figcaption class=\"widget-image-caption wp-caption-text\">S\u00fcddeutsche Zeitung im Portr\u00e4t mit dem Richter des Internationalen Strafgerichtshofs<\/figcaption>\n\t\t\t\t\t\t\t\t\t\t<\/figure>\n\t\t\t\t\t\t\t\t\t<\/div>\n\t\t\t\t<div class=\"elementor-element elementor-element-3e1ac6c elementor-widget elementor-widget-image\" data-id=\"3e1ac6c\" data-element_type=\"widget\" data-widget_type=\"image.default\">\n\t\t\t\t\t\t\t\t\t\t\t\t<figure class=\"wp-caption\">\n\t\t\t\t\t\t\t\t\t\t\t<a href=\"https:\/\/www.nomos-elibrary.de\/de\/document\/view\/detail\/uuid\/a8164ed3-1ba4-3ba7-b501-cce6e0ee3400\" target=\"_blank\" rel=\"noopener\">\n\t\t\t\t\t\t\t<img loading=\"lazy\" decoding=\"async\" width=\"800\" height=\"800\" src=\"https:\/\/bertramschmitt.de\/wp-content\/uploads\/2025\/07\/KJ_2018-1024x1024.png\" class=\"attachment-large size-large wp-image-235\" alt=\"Cover der \u201eKritischen Justiz\u201c, Heft 1\/2018 \u2013 mit Interview mit Bertram Schmitt zum V\u00f6lkerstrafrecht\" srcset=\"https:\/\/bertramschmitt.de\/wp-content\/uploads\/2025\/07\/KJ_2018-1024x1024.png 1024w, https:\/\/bertramschmitt.de\/wp-content\/uploads\/2025\/07\/KJ_2018-300x300.png 300w, https:\/\/bertramschmitt.de\/wp-content\/uploads\/2025\/07\/KJ_2018-150x150.png 150w, https:\/\/bertramschmitt.de\/wp-content\/uploads\/2025\/07\/KJ_2018-768x768.png 768w, https:\/\/bertramschmitt.de\/wp-content\/uploads\/2025\/07\/KJ_2018.png 1080w\" sizes=\"(max-width: 800px) 100vw, 800px\" \/>\t\t\t\t\t\t\t\t<\/a>\n\t\t\t\t\t\t\t\t\t\t\t<figcaption class=\"widget-image-caption wp-caption-text\">Einblicke in die Arbeit des Internationalen Strafgerichtshofs aus erster Hand<\/figcaption>\n\t\t\t\t\t\t\t\t\t\t<\/figure>\n\t\t\t\t\t\t\t\t\t<\/div>\n\t\t\t\t<\/div>\n\t\t\t\t\t<\/div>\n\t\t\t\t<\/div>\n\t\t\t\t<\/div>\n\t\t","protected":false},"excerpt":{"rendered":"<p>About Bertram Schmitt is a German legal practitioner with many years of experience in national and international courts. He was a judge at the Federal Court of Justice in Karlsruhe from 2005 to 2015 and a judge at the International Criminal Court in The Hague from 2015 to 2025. Schmitt has been the author of [&hellip;]<\/p>\n","protected":false},"author":1,"featured_media":0,"parent":0,"menu_order":0,"comment_status":"closed","ping_status":"closed","template":"elementor_header_footer","meta":{"footnotes":""},"class_list":["post-265","page","type-page","status-publish","hentry"],"_links":{"self":[{"href":"https:\/\/bertramschmitt.de\/en\/wp-json\/wp\/v2\/pages\/265","targetHints":{"allow":["GET"]}}],"collection":[{"href":"https:\/\/bertramschmitt.de\/en\/wp-json\/wp\/v2\/pages"}],"about":[{"href":"https:\/\/bertramschmitt.de\/en\/wp-json\/wp\/v2\/types\/page"}],"author":[{"embeddable":true,"href":"https:\/\/bertramschmitt.de\/en\/wp-json\/wp\/v2\/users\/1"}],"replies":[{"embeddable":true,"href":"https:\/\/bertramschmitt.de\/en\/wp-json\/wp\/v2\/comments?post=265"}],"version-history":[{"count":21,"href":"https:\/\/bertramschmitt.de\/en\/wp-json\/wp\/v2\/pages\/265\/revisions"}],"predecessor-version":[{"id":485,"href":"https:\/\/bertramschmitt.de\/en\/wp-json\/wp\/v2\/pages\/265\/revisions\/485"}],"wp:attachment":[{"href":"https:\/\/bertramschmitt.de\/en\/wp-json\/wp\/v2\/media?parent=265"}],"curies":[{"name":"wp","href":"https:\/\/api.w.org\/{rel}","templated":true}]}}